{"id":1580,"date":"2026-01-25T10:16:08","date_gmt":"2026-01-25T10:16:08","guid":{"rendered":"https:\/\/sueddeutschlandcup.de\/?page_id=1580"},"modified":"2026-01-27T10:51:31","modified_gmt":"2026-01-27T10:51:31","slug":"news","status":"publish","type":"page","link":"https:\/\/sueddeutschlandcup.de\/index.php\/news\/","title":{"rendered":"News"},"content":{"rendered":"<div class=\" is-style-boxed wp-block-themeisle-blocks-posts-grid\" id=\"wp-block-themeisle-blocks-posts-grid-9c4595f9\"><div class=\"is-grid o-posts-grid-columns-1\"><div class=\"o-posts-grid-post-blog o-posts-grid-post-plain\"><div class=\"o-posts-grid-post\"><div class=\"o-posts-grid-post-image\"><a href=\"https:\/\/sueddeutschlandcup.de\/index.php\/2026\/04\/16\/neu-in-der-saison-2026-der-sueddeutschland-cup-geht-live\/\"><img loading=\"lazy\" decoding=\"async\" width=\"1376\" height=\"768\" src=\"https:\/\/sueddeutschlandcup.de\/wp-content\/uploads\/2026\/04\/Livestream_news_header_web.jpg\" class=\"attachment-full size-full\" alt=\"Neu in der Saison 2026: Der S\u00fcddeutschland Cup geht live!\" srcset=\"https:\/\/sueddeutschlandcup.de\/wp-content\/uploads\/2026\/04\/Livestream_news_header_web.jpg 1376w, https:\/\/sueddeutschlandcup.de\/wp-content\/uploads\/2026\/04\/Livestream_news_header_web-300x167.jpg 300w, https:\/\/sueddeutschlandcup.de\/wp-content\/uploads\/2026\/04\/Livestream_news_header_web-1024x572.jpg 1024w, https:\/\/sueddeutschlandcup.de\/wp-content\/uploads\/2026\/04\/Livestream_news_header_web-768x429.jpg 768w\" sizes=\"(max-width: 1376px) 100vw, 1376px\" \/><\/a><\/div><div class=\"o-posts-grid-post-body\"><span class=\"o-posts-grid-post-category\"><a href=\"https:\/\/sueddeutschlandcup.de\/index.php\/category\/news\/\">NEWS<\/a><\/span><h4 class=\"o-posts-grid-post-title\"><a href=\"https:\/\/sueddeutschlandcup.de\/index.php\/2026\/04\/16\/neu-in-der-saison-2026-der-sueddeutschland-cup-geht-live\/\">Neu in der Saison 2026: Der S\u00fcddeutschland Cup geht live!<\/a><\/h4><p class=\"o-posts-grid-post-meta\">Posted on <time datetime=\"2026-04-16T19:09:41+00:00\">April 16, 2026<\/time> <\/p><div class=\"o-posts-grid-post-description\"><p>Wir haben gro\u00dfartige Neuigkeiten f\u00fcr alle Fahrer, Fans und Unterst\u00fctzer: Erstmalig bieten wir beim S\u2026<\/p><\/div><\/div><\/div><\/div><div class=\"o-posts-grid-post-blog o-posts-grid-post-plain\"><div class=\"o-posts-grid-post\"><div class=\"o-posts-grid-post-image\"><a href=\"https:\/\/sueddeutschlandcup.de\/index.php\/2026\/01\/27\/neuheit-zur-saison-2026-wir-fuehren-die-sdc-vereinswertung-ein\/\"><img loading=\"lazy\" decoding=\"async\" width=\"960\" height=\"196\" src=\"https:\/\/sueddeutschlandcup.de\/wp-content\/uploads\/2026\/01\/SDC_News_Logo.png\" class=\"attachment-full size-full\" alt=\"Neuheit zur Saison 2026: Wir f\u00fchren die SDC-Vereinswertung ein!\" srcset=\"https:\/\/sueddeutschlandcup.de\/wp-content\/uploads\/2026\/01\/SDC_News_Logo.png 960w, https:\/\/sueddeutschlandcup.de\/wp-content\/uploads\/2026\/01\/SDC_News_Logo-300x61.png 300w, https:\/\/sueddeutschlandcup.de\/wp-content\/uploads\/2026\/01\/SDC_News_Logo-768x157.png 768w\" sizes=\"(max-width: 960px) 100vw, 960px\" \/><\/a><\/div><div class=\"o-posts-grid-post-body\"><span class=\"o-posts-grid-post-category\"><a href=\"https:\/\/sueddeutschlandcup.de\/index.php\/category\/news\/\">NEWS<\/a><\/span><h4 class=\"o-posts-grid-post-title\"><a href=\"https:\/\/sueddeutschlandcup.de\/index.php\/2026\/01\/27\/neuheit-zur-saison-2026-wir-fuehren-die-sdc-vereinswertung-ein\/\">Neuheit zur Saison 2026: Wir f\u00fchren die SDC-Vereinswertung ein!<\/a><\/h4><p class=\"o-posts-grid-post-meta\">Posted on <time datetime=\"2026-01-27T10:25:52+00:00\">Januar 27, 2026<\/time> <\/p><div class=\"o-posts-grid-post-description\"><p>Hallo zusammen, neues Jahr, neue Challenge! F\u00fcr die Saison 2026 haben wir uns etwas Besonderes einfa\u2026<\/p><\/div><\/div><\/div><\/div><\/div> <\/div>\n\n\n<p><\/p>\n","protected":false},"excerpt":{"rendered":"","protected":false},"author":2,"featured_media":0,"parent":0,"menu_order":0,"comment_status":"closed","ping_status":"closed","template":"","meta":{"neve_meta_sidebar":"","neve_meta_container":"","neve_meta_enable_content_width":"","neve_meta_content_width":0,"neve_meta_title_alignment":"","neve_meta_author_avatar":"","neve_post_elements_order":"","neve_meta_disable_header":"","neve_meta_disable_footer":"","neve_meta_disable_title":"","_themeisle_gutenberg_block_has_review":false,"footnotes":""},"class_list":["post-1580","page","type-page","status-publish","hentry"],"_links":{"self":[{"href":"https:\/\/sueddeutschlandcup.de\/index.php\/wp-json\/wp\/v2\/pages\/1580","targetHints":{"allow":["GET"]}}],"collection":[{"href":"https:\/\/sueddeutschlandcup.de\/index.php\/wp-json\/wp\/v2\/pages"}],"about":[{"href":"https:\/\/sueddeutschlandcup.de\/index.php\/wp-json\/wp\/v2\/types\/page"}],"author":[{"embeddable":true,"href":"https:\/\/sueddeutschlandcup.de\/index.php\/wp-json\/wp\/v2\/users\/2"}],"replies":[{"embeddable":true,"href":"https:\/\/sueddeutschlandcup.de\/index.php\/wp-json\/wp\/v2\/comments?post=1580"}],"version-history":[{"count":3,"href":"https:\/\/sueddeutschlandcup.de\/index.php\/wp-json\/wp\/v2\/pages\/1580\/revisions"}],"predecessor-version":[{"id":1634,"href":"https:\/\/sueddeutschlandcup.de\/index.php\/wp-json\/wp\/v2\/pages\/1580\/revisions\/1634"}],"wp:attachment":[{"href":"https:\/\/sueddeutschlandcup.de\/index.php\/wp-json\/wp\/v2\/media?parent=1580"}],"curies":[{"name":"wp","href":"https:\/\/api.w.org\/{rel}","templated":true}]}}