{"id":440,"date":"2023-11-04T18:04:18","date_gmt":"2023-11-04T18:04:18","guid":{"rendered":"https:\/\/sueddeutschlandcup.de\/?page_id=440"},"modified":"2025-05-06T16:24:34","modified_gmt":"2025-05-06T16:24:34","slug":"links","status":"publish","type":"page","link":"https:\/\/sueddeutschlandcup.de\/index.php\/links\/","title":{"rendered":"Links"},"content":{"rendered":"\n<p>Hier findet ihr eine Auswahl interessanter Webseiten rund um den RC Modellsport:<\/p>\n\n\n\n<p><strong><a href=\"https:\/\/www.wa-rcmodellbau.de\">WA RC-Modellbau Onlineshop<br><\/a><\/strong>Ihr Partner f\u00fcr RC-Modellbau seit \u00fcber 15 Jahre.<\/p>\n\n\n\n<p><strong><a href=\"https:\/\/shop.rc-keller.de\/\" target=\"_blank\" rel=\"noreferrer noopener\">RC Keller Modellsport<br><\/a><\/strong>RC Keller Modellsport. Dein Shop rund um Modellbau, Ersatzteile und Zubeh\u00f6r f\u00fcr den RC Modellbau und -Sport. Deutschlandvertrieb WRC und Intech.<\/p>\n\n\n\n<p><a href=\"https:\/\/www.dirks-rc-modellbau.de\" target=\"_blank\" rel=\"noreferrer noopener\"><strong>Dirk&#8217;s RC-Modellbau<\/strong><br><\/a>Ihr Online-Shop f\u00fcr RC-Modellbau, Ersatzteile und Technik<\/p>\n\n\n\n<p><a href=\"https:\/\/race-cave.de\/\"><strong>Race Cave<\/strong><br><\/a>The Cave, we create. RaceCave aims to raise awareness of model racing among a wider audience.<\/p>\n\n\n\n<p><strong><a href=\"https:\/\/mikanews.de\/\" target=\"_blank\" rel=\"noreferrer noopener\">MIKANEWS<\/a><\/strong><br>News rund um das RC-Geschehen<\/p>\n\n\n\n<p><strong><a href=\"https:\/\/dmc-online.com\/\" target=\"_blank\" rel=\"noreferrer noopener\">Deutscher Minicar Club e.V.<\/a><\/strong><br>Dachverband f\u00fcr den funkderngesteuerten Automodell-Rennsport<\/p>\n\n\n\n<p><a href=\"https:\/\/www.efra.ws\/\" target=\"_blank\" rel=\"noreferrer noopener\"><strong>EFRA&nbsp;<\/strong><br><\/a>European Federation of Radio Operated Model Automobiles<\/p>\n\n\n\n<p><a href=\"https:\/\/www.ifmar.org\/\" target=\"_blank\" rel=\"noreferrer noopener\"><strong>IFMAR<\/strong><br><\/a>International Federation of Model Automobile Racing<\/p>\n\n\n\n<p><\/p>\n\n\n\n<p><\/p>\n\n\n\n<p><\/p>\n","protected":false},"excerpt":{"rendered":"<p>Hier findet ihr eine Auswahl interessanter Webseiten rund um den RC Modellsport: WA RC-Modellbau OnlineshopIhr Partner f\u00fcr RC-Modellbau seit \u00fcber 15 Jahre. RC Keller ModellsportRC Keller Modellsport. Dein Shop rund um Modellbau, Ersatzteile und Zubeh\u00f6r f\u00fcr den RC Modellbau und -Sport. Deutschlandvertrieb WRC und Intech. Dirk&#8217;s RC-ModellbauIhr Online-Shop f\u00fcr RC-Modellbau, Ersatzteile und Technik Race CaveThe&hellip;&nbsp;<a href=\"https:\/\/sueddeutschlandcup.de\/index.php\/links\/\" rel=\"bookmark\">Weiterlesen &raquo;<span class=\"screen-reader-text\">Links<\/span><\/a><\/p>\n","protected":false},"author":2,"featured_media":0,"parent":0,"menu_order":0,"comment_status":"closed","ping_status":"closed","template":"","meta":{"neve_meta_sidebar":"","neve_meta_container":"","neve_meta_enable_content_width":"","neve_meta_content_width":0,"neve_meta_title_alignment":"","neve_meta_author_avatar":"","neve_post_elements_order":"","neve_meta_disable_header":"","neve_meta_disable_footer":"","neve_meta_disable_title":"","_themeisle_gutenberg_block_has_review":false,"footnotes":""},"class_list":["post-440","page","type-page","status-publish","hentry"],"_links":{"self":[{"href":"https:\/\/sueddeutschlandcup.de\/index.php\/wp-json\/wp\/v2\/pages\/440","targetHints":{"allow":["GET"]}}],"collection":[{"href":"https:\/\/sueddeutschlandcup.de\/index.php\/wp-json\/wp\/v2\/pages"}],"about":[{"href":"https:\/\/sueddeutschlandcup.de\/index.php\/wp-json\/wp\/v2\/types\/page"}],"author":[{"embeddable":true,"href":"https:\/\/sueddeutschlandcup.de\/index.php\/wp-json\/wp\/v2\/users\/2"}],"replies":[{"embeddable":true,"href":"https:\/\/sueddeutschlandcup.de\/index.php\/wp-json\/wp\/v2\/comments?post=440"}],"version-history":[{"count":8,"href":"https:\/\/sueddeutschlandcup.de\/index.php\/wp-json\/wp\/v2\/pages\/440\/revisions"}],"predecessor-version":[{"id":1269,"href":"https:\/\/sueddeutschlandcup.de\/index.php\/wp-json\/wp\/v2\/pages\/440\/revisions\/1269"}],"wp:attachment":[{"href":"https:\/\/sueddeutschlandcup.de\/index.php\/wp-json\/wp\/v2\/media?parent=440"}],"curies":[{"name":"wp","href":"https:\/\/api.w.org\/{rel}","templated":true}]}}