{"id":564,"date":"2023-11-04T17:08:17","date_gmt":"2023-11-04T17:08:17","guid":{"rendered":"https:\/\/sueddeutschlandcup.de\/?page_id=564"},"modified":"2026-01-27T10:13:14","modified_gmt":"2026-01-27T10:13:14","slug":"reglement","status":"publish","type":"page","link":"https:\/\/sueddeutschlandcup.de\/index.php\/reglement\/","title":{"rendered":"Reglement"},"content":{"rendered":"\n<p>Hier findet ihr das Reglement f\u00fcr den S\u00fcddeutschland-Cup <strong>2026<\/strong> zum Download:<\/p>\n\n\n\n<div class=\"wp-block-media-text\" style=\"grid-template-columns:15% auto\"><figure class=\"wp-block-media-text__media\"><a href=\"https:\/\/sueddeutschlandcup.de\/wp-content\/uploads\/2026\/01\/Sueddeutschland-Cup-Reglement-Stand-10.01.2026.pdf\" target=\"_blank\" rel=\"noreferrer noopener\"><img loading=\"lazy\" decoding=\"async\" width=\"298\" height=\"300\" src=\"https:\/\/sueddeutschlandcup.de\/wp-content\/uploads\/2023\/11\/pdf_icon_512-298x300.png\" alt=\"\" class=\"wp-image-567 size-medium\"\/><\/a><\/figure><div class=\"wp-block-media-text__content\">\n<p style=\"font-size:18px\"><strong><a href=\"https:\/\/sueddeutschlandcup.de\/wp-content\/uploads\/2026\/01\/Sueddeutschland-Cup-Reglement-Stand-10.01.2026.pdf\" target=\"_blank\" rel=\"noreferrer noopener\">Reglement S\u00fcddeutschland-Cup 2026 &#8211; Stand: 10.01.202<\/a><\/strong><a href=\"https:\/\/sueddeutschlandcup.de\/wp-content\/uploads\/2026\/01\/Sueddeutschland-Cup-Reglement-Stand-10.01.2026.pdf\" target=\"_blank\" rel=\"noreferrer noopener\"><strong>6<\/strong><\/a><\/p>\n<\/div><\/div>\n\n\n\n<p><\/p>\n","protected":false},"excerpt":{"rendered":"<p>Hier findet ihr das Reglement f\u00fcr den S\u00fcddeutschland-Cup 2026 zum Download: Reglement S\u00fcddeutschland-Cup 2026 &#8211; Stand: 10.01.2026<\/p>\n","protected":false},"author":2,"featured_media":0,"parent":0,"menu_order":0,"comment_status":"closed","ping_status":"closed","template":"","meta":{"neve_meta_sidebar":"","neve_meta_container":"","neve_meta_enable_content_width":"","neve_meta_content_width":0,"neve_meta_title_alignment":"","neve_meta_author_avatar":"","neve_post_elements_order":"","neve_meta_disable_header":"","neve_meta_disable_footer":"","neve_meta_disable_title":"","_themeisle_gutenberg_block_has_review":false,"footnotes":""},"class_list":["post-564","page","type-page","status-publish","hentry"],"_links":{"self":[{"href":"https:\/\/sueddeutschlandcup.de\/index.php\/wp-json\/wp\/v2\/pages\/564","targetHints":{"allow":["GET"]}}],"collection":[{"href":"https:\/\/sueddeutschlandcup.de\/index.php\/wp-json\/wp\/v2\/pages"}],"about":[{"href":"https:\/\/sueddeutschlandcup.de\/index.php\/wp-json\/wp\/v2\/types\/page"}],"author":[{"embeddable":true,"href":"https:\/\/sueddeutschlandcup.de\/index.php\/wp-json\/wp\/v2\/users\/2"}],"replies":[{"embeddable":true,"href":"https:\/\/sueddeutschlandcup.de\/index.php\/wp-json\/wp\/v2\/comments?post=564"}],"version-history":[{"count":24,"href":"https:\/\/sueddeutschlandcup.de\/index.php\/wp-json\/wp\/v2\/pages\/564\/revisions"}],"predecessor-version":[{"id":1623,"href":"https:\/\/sueddeutschlandcup.de\/index.php\/wp-json\/wp\/v2\/pages\/564\/revisions\/1623"}],"wp:attachment":[{"href":"https:\/\/sueddeutschlandcup.de\/index.php\/wp-json\/wp\/v2\/media?parent=564"}],"curies":[{"name":"wp","href":"https:\/\/api.w.org\/{rel}","templated":true}]}}