{"id":575,"date":"2023-11-04T17:51:02","date_gmt":"2023-11-04T17:51:02","guid":{"rendered":"https:\/\/sueddeutschlandcup.de\/?page_id=575"},"modified":"2025-09-22T10:24:24","modified_gmt":"2025-09-22T10:24:24","slug":"ranglisten","status":"publish","type":"page","link":"https:\/\/sueddeutschlandcup.de\/index.php\/ranglisten\/","title":{"rendered":"Ranglisten"},"content":{"rendered":"\n<p>Hier findet ihr die Ranglisten der einzelnen Klassen f\u00fcr den <strong>S\u00fcddeutschland-Cup 2025<\/strong>. <\/p>\n\n\n\n<div class=\"wp-block-buttons is-layout-flex wp-block-buttons-is-layout-flex\">\n<div class=\"wp-block-button has-custom-width wp-block-button__width-50\"><a class=\"wp-block-button__link has-luminous-vivid-amber-to-luminous-vivid-orange-gradient-background has-background has-medium-font-size has-custom-font-size wp-element-button\" href=\"https:\/\/sueddeutschlandcup.de\/wp-content\/uploads\/2025\/09\/OR8-Expert-Meisterschaftsrangliste-nach-Senden-2025.pdf\" target=\"_blank\" rel=\"noreferrer noopener\">OR8 EXPERT &#8211; 2025<\/a><\/div>\n\n\n\n<div class=\"wp-block-button has-custom-width wp-block-button__width-50\"><a class=\"wp-block-button__link has-luminous-vivid-amber-to-luminous-vivid-orange-gradient-background has-background has-medium-font-size has-custom-font-size wp-element-button\" href=\"https:\/\/sueddeutschlandcup.de\/wp-content\/uploads\/2025\/09\/OR8-Hobby-Meisterschaftsrangliste-nach-Senden-2025.pdf\" target=\"_blank\" rel=\"noreferrer noopener\">OR8 HOBBY &#8211; 2025<\/a><\/div>\n\n\n\n<div class=\"wp-block-button has-custom-width wp-block-button__width-50\"><a class=\"wp-block-button__link has-luminous-vivid-amber-to-luminous-vivid-orange-gradient-background has-background has-medium-font-size has-custom-font-size wp-element-button\" href=\"https:\/\/sueddeutschlandcup.de\/wp-content\/uploads\/2025\/09\/ORE8-Meisterschaftsrangliste-nach-Senden-2025.pdf\" target=\"_blank\" rel=\"noreferrer noopener\">ORE8 &#8211; 2025<\/a><\/div>\n\n\n\n<div class=\"wp-block-button has-custom-width wp-block-button__width-50\"><a class=\"wp-block-button__link has-luminous-vivid-amber-to-luminous-vivid-orange-gradient-background has-background has-medium-font-size has-custom-font-size wp-element-button\" href=\"https:\/\/sueddeutschlandcup.de\/wp-content\/uploads\/2025\/09\/ORT-Meisterschaftsrangliste-nach-Senden-2025.pdf\" target=\"_blank\" rel=\"noreferrer noopener\">ORT &#8211; 2025<\/a><\/div>\n\n\n\n<div class=\"wp-block-button has-custom-width wp-block-button__width-50\"><a class=\"wp-block-button__link has-luminous-vivid-amber-to-luminous-vivid-orange-gradient-background has-background has-medium-font-size has-custom-font-size wp-element-button\" href=\"https:\/\/sueddeutschlandcup.de\/wp-content\/uploads\/2025\/09\/ORET-Meisterschaftsrangliste-nach-Senden-2025.pdf\" target=\"_blank\" rel=\"noreferrer noopener\">ORET &#8211; 2025<\/a><\/div>\n\n\n\n<div class=\"wp-block-button has-custom-width wp-block-button__width-50\"><a class=\"wp-block-button__link has-luminous-vivid-amber-to-luminous-vivid-orange-gradient-background has-background has-medium-font-size has-custom-font-size wp-element-button\" href=\"https:\/\/sueddeutschlandcup.de\/wp-content\/uploads\/2025\/09\/Jugendfinale-Meisterschaftsrangliste-nach-Senden-2025.pdf\" target=\"_blank\" rel=\"noreferrer noopener\">Jugendfinale &#8211; 2025<\/a><\/div>\n<\/div>\n\n\n\n<p>Stand: <strong>07.07.2025<\/strong> nach dem<strong> 4. Lauf<\/strong> des S\u00fcddeutschland-Cup 2025 beim LA Speedway Racing Club e.V. Bei diesem Lauf wurden <strong>keine Truggy-L\u00e4ufe<\/strong> ausgetragen!<\/p>\n\n\n\n<hr class=\"wp-block-separator has-text-color has-alpha-channel-opacity has-background\" style=\"background-color:#505050;color:#505050\"\/>\n\n\n\n<p>Hier findet ihr die finalen Ranglisten des <strong>S\u00fcddeutschland-Cups 2024<\/strong><\/p>\n\n\n\n<div class=\"wp-block-buttons is-layout-flex wp-block-buttons-is-layout-flex\">\n<div class=\"wp-block-button has-custom-width wp-block-button__width-50\"><a class=\"wp-block-button__link has-luminous-vivid-amber-to-luminous-vivid-orange-gradient-background has-background has-medium-font-size has-custom-font-size wp-element-button\" href=\"https:\/\/sueddeutschlandcup.de\/wp-content\/uploads\/2024\/07\/Gesamtrangliste-Sueddeutschland-Cup-2024-OR8-Expert-nach-Laupheim.pdf\" target=\"_blank\" rel=\"noreferrer noopener\">OR8 EXPERT &#8211; 2024<\/a><\/div>\n\n\n\n<div class=\"wp-block-button has-custom-width wp-block-button__width-50\"><a class=\"wp-block-button__link has-luminous-vivid-amber-to-luminous-vivid-orange-gradient-background has-background has-medium-font-size has-custom-font-size wp-element-button\" href=\"https:\/\/sueddeutschlandcup.de\/wp-content\/uploads\/2024\/07\/Gesamtrangliste-Sueddeutschland-Cup-2024-OR8-Hobby-nach-Laupheim.pdf\" target=\"_blank\" rel=\"noreferrer noopener\">OR8 HOBBY- 2024<\/a><\/div>\n\n\n\n<div class=\"wp-block-button has-custom-width wp-block-button__width-50\"><a class=\"wp-block-button__link has-luminous-vivid-amber-to-luminous-vivid-orange-gradient-background has-background has-medium-font-size has-custom-font-size wp-element-button\" href=\"https:\/\/sueddeutschlandcup.de\/wp-content\/uploads\/2024\/07\/Gesamtrangliste-Sueddeutschland-Cup-2024-ORE8-nach-Laupheim.pdf\" target=\"_blank\" rel=\"noreferrer noopener\">ORE8 &#8211; 2024<\/a><\/div>\n\n\n\n<div class=\"wp-block-button has-custom-width wp-block-button__width-50\"><a class=\"wp-block-button__link has-luminous-vivid-amber-to-luminous-vivid-orange-gradient-background has-background has-medium-font-size has-custom-font-size wp-element-button\" href=\"https:\/\/sueddeutschlandcup.de\/wp-content\/uploads\/2024\/07\/Gesamtrangliste-Sueddeutschland-Cup-2024-ORT-nach-Laupheim.pdf\" target=\"_blank\" rel=\"noreferrer noopener\">ORT &#8211; 2024<\/a><\/div>\n\n\n\n<div class=\"wp-block-button has-custom-width wp-block-button__width-50\"><a class=\"wp-block-button__link has-luminous-vivid-amber-to-luminous-vivid-orange-gradient-background has-background has-medium-font-size has-custom-font-size wp-element-button\" href=\"https:\/\/sueddeutschlandcup.de\/wp-content\/uploads\/2024\/07\/Gesamtrangliste-Sueddeutschland-Cup-2024-ORET-nach-Laupheim.pdf\" target=\"_blank\" rel=\"noreferrer noopener\">ORET &#8211; 2024<\/a><\/div>\n\n\n\n<div class=\"wp-block-button has-custom-width wp-block-button__width-50\"><a class=\"wp-block-button__link has-luminous-vivid-amber-to-luminous-vivid-orange-gradient-background has-background has-medium-font-size has-custom-font-size wp-element-button\" href=\"https:\/\/sueddeutschlandcup.de\/wp-content\/uploads\/2024\/07\/Gesamtrangliste-Sueddeutschland-Cup-2024-Jugendfinale-nach-Laupheim.pdf\" target=\"_blank\" rel=\"noreferrer noopener\">Jugendfinale &#8211; 2024<\/a><\/div>\n<\/div>\n\n\n\n<p class=\"has-text-align-left\">Stand: <strong>22.07.2024<\/strong> nach dem 4. Lauf des S\u00fcddeutschland-Cup 2024 beim MCC Laupheim e.V.<\/p>\n\n\n\n<div class=\"wp-block-buttons is-content-justification-center is-layout-flex wp-container-core-buttons-is-layout-16018d1d wp-block-buttons-is-layout-flex\">\n<div class=\"wp-block-button\"><a class=\"wp-block-button__link has-luminous-vivid-amber-to-luminous-vivid-orange-gradient-background has-background wp-element-button\" href=\"https:\/\/sueddeutschlandcup.de\/\">zur\u00fcck zur Startseite<\/a><\/div>\n<\/div>\n\n\n\n<p><\/p>\n","protected":false},"excerpt":{"rendered":"<p>Hier findet ihr die Ranglisten der einzelnen Klassen f\u00fcr den S\u00fcddeutschland-Cup 2025. Stand: 07.07.2025 nach dem 4. Lauf des S\u00fcddeutschland-Cup 2025 beim LA Speedway Racing Club e.V. Bei diesem Lauf wurden keine Truggy-L\u00e4ufe ausgetragen! Hier findet ihr die finalen Ranglisten des S\u00fcddeutschland-Cups 2024 Stand: 22.07.2024 nach dem 4. Lauf des S\u00fcddeutschland-Cup 2024 beim MCC Laupheim&hellip;&nbsp;<a href=\"https:\/\/sueddeutschlandcup.de\/index.php\/ranglisten\/\" rel=\"bookmark\">Weiterlesen &raquo;<span class=\"screen-reader-text\">Ranglisten<\/span><\/a><\/p>\n","protected":false},"author":2,"featured_media":0,"parent":0,"menu_order":0,"comment_status":"closed","ping_status":"closed","template":"","meta":{"neve_meta_sidebar":"full-width","neve_meta_container":"contained","neve_meta_enable_content_width":"on","neve_meta_content_width":70,"neve_meta_title_alignment":"center","neve_meta_author_avatar":"","neve_post_elements_order":"","neve_meta_disable_header":"","neve_meta_disable_footer":"","neve_meta_disable_title":"","_themeisle_gutenberg_block_has_review":false,"footnotes":""},"class_list":["post-575","page","type-page","status-publish","hentry"],"_links":{"self":[{"href":"https:\/\/sueddeutschlandcup.de\/index.php\/wp-json\/wp\/v2\/pages\/575","targetHints":{"allow":["GET"]}}],"collection":[{"href":"https:\/\/sueddeutschlandcup.de\/index.php\/wp-json\/wp\/v2\/pages"}],"about":[{"href":"https:\/\/sueddeutschlandcup.de\/index.php\/wp-json\/wp\/v2\/types\/page"}],"author":[{"embeddable":true,"href":"https:\/\/sueddeutschlandcup.de\/index.php\/wp-json\/wp\/v2\/users\/2"}],"replies":[{"embeddable":true,"href":"https:\/\/sueddeutschlandcup.de\/index.php\/wp-json\/wp\/v2\/comments?post=575"}],"version-history":[{"count":43,"href":"https:\/\/sueddeutschlandcup.de\/index.php\/wp-json\/wp\/v2\/pages\/575\/revisions"}],"predecessor-version":[{"id":1571,"href":"https:\/\/sueddeutschlandcup.de\/index.php\/wp-json\/wp\/v2\/pages\/575\/revisions\/1571"}],"wp:attachment":[{"href":"https:\/\/sueddeutschlandcup.de\/index.php\/wp-json\/wp\/v2\/media?parent=575"}],"curies":[{"name":"wp","href":"https:\/\/api.w.org\/{rel}","templated":true}]}}