{"id":587,"date":"2023-11-04T18:00:14","date_gmt":"2023-11-04T18:00:14","guid":{"rendered":"https:\/\/sueddeutschlandcup.de\/?page_id=587"},"modified":"2024-03-18T13:03:52","modified_gmt":"2024-03-18T13:03:52","slug":"rc-nachwuchs","status":"publish","type":"page","link":"https:\/\/sueddeutschlandcup.de\/index.php\/rc-nachwuchs\/","title":{"rendered":"RC-Nachwuchs"},"content":{"rendered":"\n<p>Hier werden wir demn\u00e4chst Infos f\u00fcr alle interessierten RC-Nachwuchsfahrer\/innen ver\u00f6ffentlichen. Bis es soweit ist, kannst Du Dich gerne \u00fcber unser <a href=\"http:\/\/sueddeutschlandcup.de\/index.php\/kontakt-zu-uns\/\">Kontaktformular<\/a> an uns wenden oder Du besucht einen der auf der Startseite verlinkten Modellsportclub.<\/p>\n\n\n\n<p>F\u00fcr Einsteiger gibt es unter folgendem Link Top-Angebote, zu denen Ihr uns gerne befragen k\u00f6nnt:<\/p>\n\n\n\n<div class=\"wp-block-columns is-layout-flex wp-container-core-columns-is-layout-9d6595d7 wp-block-columns-is-layout-flex\">\n<div class=\"wp-block-column is-layout-flow wp-block-column-is-layout-flow\" style=\"flex-basis:100%\">\n<p class=\"has-text-align-left\"><a href=\"https:\/\/www.wa-rcmodellbau.de\/RC-Nachwuchsfahrer\"><img loading=\"lazy\" decoding=\"async\" width=\"150\" height=\"62\" class=\"wp-image-756\" style=\"width: 150px;\" src=\"https:\/\/sueddeutschlandcup.de\/wp-content\/uploads\/2024\/02\/wa-rcmodellbau-onlineshop-2017-logo.jpg\" alt=\"\" srcset=\"https:\/\/sueddeutschlandcup.de\/wp-content\/uploads\/2024\/02\/wa-rcmodellbau-onlineshop-2017-logo.jpg 535w, https:\/\/sueddeutschlandcup.de\/wp-content\/uploads\/2024\/02\/wa-rcmodellbau-onlineshop-2017-logo-300x124.jpg 300w\" sizes=\"auto, (max-width: 150px) 100vw, 150px\" \/><\/a>  <a href=\"https:\/\/www.wa-rcmodellbau.de\/RC-Nachwuchsfahrer\"><strong>WA RC Modellbau Onlineshop &#8211; Angebote f\u00fcr RC Nachwuchsfahrer<\/strong><\/a><\/p>\n<\/div>\n<\/div>\n","protected":false},"excerpt":{"rendered":"<p>Hier werden wir demn\u00e4chst Infos f\u00fcr alle interessierten RC-Nachwuchsfahrer\/innen ver\u00f6ffentlichen. Bis es soweit ist, kannst Du Dich gerne \u00fcber unser Kontaktformular an uns wenden oder Du besucht einen der auf der Startseite verlinkten Modellsportclub. F\u00fcr Einsteiger gibt es unter folgendem Link Top-Angebote, zu denen Ihr uns gerne befragen k\u00f6nnt: WA RC Modellbau Onlineshop &#8211; Angebote&hellip;&nbsp;<a href=\"https:\/\/sueddeutschlandcup.de\/index.php\/rc-nachwuchs\/\" rel=\"bookmark\">Weiterlesen &raquo;<span class=\"screen-reader-text\">RC-Nachwuchs<\/span><\/a><\/p>\n","protected":false},"author":2,"featured_media":0,"parent":0,"menu_order":0,"comment_status":"closed","ping_status":"closed","template":"","meta":{"neve_meta_sidebar":"","neve_meta_container":"","neve_meta_enable_content_width":"","neve_meta_content_width":0,"neve_meta_title_alignment":"","neve_meta_author_avatar":"","neve_post_elements_order":"","neve_meta_disable_header":"","neve_meta_disable_footer":"","neve_meta_disable_title":"","_themeisle_gutenberg_block_has_review":false,"footnotes":""},"class_list":["post-587","page","type-page","status-publish","hentry"],"_links":{"self":[{"href":"https:\/\/sueddeutschlandcup.de\/index.php\/wp-json\/wp\/v2\/pages\/587","targetHints":{"allow":["GET"]}}],"collection":[{"href":"https:\/\/sueddeutschlandcup.de\/index.php\/wp-json\/wp\/v2\/pages"}],"about":[{"href":"https:\/\/sueddeutschlandcup.de\/index.php\/wp-json\/wp\/v2\/types\/page"}],"author":[{"embeddable":true,"href":"https:\/\/sueddeutschlandcup.de\/index.php\/wp-json\/wp\/v2\/users\/2"}],"replies":[{"embeddable":true,"href":"https:\/\/sueddeutschlandcup.de\/index.php\/wp-json\/wp\/v2\/comments?post=587"}],"version-history":[{"count":4,"href":"https:\/\/sueddeutschlandcup.de\/index.php\/wp-json\/wp\/v2\/pages\/587\/revisions"}],"predecessor-version":[{"id":882,"href":"https:\/\/sueddeutschlandcup.de\/index.php\/wp-json\/wp\/v2\/pages\/587\/revisions\/882"}],"wp:attachment":[{"href":"https:\/\/sueddeutschlandcup.de\/index.php\/wp-json\/wp\/v2\/media?parent=587"}],"curies":[{"name":"wp","href":"https:\/\/api.w.org\/{rel}","templated":true}]}}